{"id":67,"date":"2021-02-05T13:32:34","date_gmt":"2021-02-05T12:32:34","guid":{"rendered":"http:\/\/hellu-cottage.com\/?page_id=67"},"modified":"2026-02-03T08:57:48","modified_gmt":"2026-02-03T07:57:48","slug":"contact","status":"publish","type":"page","link":"https:\/\/hellu-cottage.com\/index.php\/contact\/","title":{"rendered":"R\u00e9servation"},"content":{"rendered":"\n<p class=\"has-drop-cap\" id=\"une-ancre\">Location de ma maison en meubl\u00e9 de tourisme non professionnel et atelier cr\u00e9atif.<br>Suivez-moi ou r\u00e9servez votre s\u00e9jour en Auvergne au c\u0153ur des Combrailles.<br>My furnished holiday home is available for rent for non-professional tourists and includes a creative workshop.<\/p>\n\n\n\n<p class=\"has-text-align-center\" id=\"une-ancre\"><br><strong>63460 Montcel, La Tour Serviat, France<\/strong><\/p>\n\n\n\n<p class=\"has-text-align-center\">Follow me or book your stay in Auvergne, in the heart of the Combrailles region.<\/p>\n\n\n\n<h3 class=\"wp-block-heading has-text-align-center\">R\u00e9servation et plus d&rsquo;informations sur Airbnb <br>Booking and more informations on Airbnb<\/h3>\n\n\n\n<div class=\"wp-block-buttons is-content-justification-center is-layout-flex wp-container-core-buttons-is-layout-16018d1d wp-block-buttons-is-layout-flex\">\n<div class=\"wp-block-button\"><a class=\"wp-block-button__link wp-element-button\" href=\"http:\/\/airbnb.fr\/h\/hellu-cottage\">R\u00e9servez d\u00e8s maintenant<\/a><\/div>\n<\/div>\n\n\n\n<hr class=\"wp-block-separator has-alpha-channel-opacity\"\/>\n\n\n\n<h2 class=\"wp-block-heading\" id=\"une-ancre\">Suivez moi sur Instagram \/ Follow me on Instagram<\/h2>\n\n\n\n<p>@<a href=\"https:\/\/www.instagram.com\/hellu.cottage\/\" target=\"_blank\" rel=\"noreferrer noopener\">hellu.cottage<\/a> &#8211; @<a href=\"https:\/\/www.instagram.com\/nude.studio.cottage\/\" target=\"_blank\" rel=\"noreferrer noopener\">nude.studio.cottage<\/a><\/p>\n\n\n\n<hr class=\"wp-block-separator has-alpha-channel-opacity\"\/>\n\n\n\n<p><\/p>\n","protected":false},"excerpt":{"rendered":"<p>Location de ma maison en meubl\u00e9 de tourisme non professionnel et atelier cr\u00e9atif.Suivez-moi ou r\u00e9servez votre s\u00e9jour en Auvergne au c\u0153ur des Combrailles.My furnished holiday home is available for rent for non-professional tourists and includes a creative workshop. 63460 Montcel, La Tour Serviat, France Follow me or book your stay in Auvergne, in the heart [&hellip;]<\/p>\n<a class=\"read-more-link\" href=\" https:\/\/hellu-cottage.com\/index.php\/contact\/ \">Lire la suite<\/a>","protected":false},"author":1,"featured_media":0,"parent":0,"menu_order":0,"comment_status":"closed","ping_status":"closed","template":"","meta":{"footnotes":""},"class_list":["post-67","page","type-page","status-publish","hentry"],"_links":{"self":[{"href":"https:\/\/hellu-cottage.com\/index.php\/wp-json\/wp\/v2\/pages\/67","targetHints":{"allow":["GET"]}}],"collection":[{"href":"https:\/\/hellu-cottage.com\/index.php\/wp-json\/wp\/v2\/pages"}],"about":[{"href":"https:\/\/hellu-cottage.com\/index.php\/wp-json\/wp\/v2\/types\/page"}],"author":[{"embeddable":true,"href":"https:\/\/hellu-cottage.com\/index.php\/wp-json\/wp\/v2\/users\/1"}],"replies":[{"embeddable":true,"href":"https:\/\/hellu-cottage.com\/index.php\/wp-json\/wp\/v2\/comments?post=67"}],"version-history":[{"count":17,"href":"https:\/\/hellu-cottage.com\/index.php\/wp-json\/wp\/v2\/pages\/67\/revisions"}],"predecessor-version":[{"id":217,"href":"https:\/\/hellu-cottage.com\/index.php\/wp-json\/wp\/v2\/pages\/67\/revisions\/217"}],"wp:attachment":[{"href":"https:\/\/hellu-cottage.com\/index.php\/wp-json\/wp\/v2\/media?parent=67"}],"curies":[{"name":"wp","href":"https:\/\/api.w.org\/{rel}","templated":true}]}}