{"id":2,"date":"2021-02-04T09:08:19","date_gmt":"2021-02-04T08:08:19","guid":{"rendered":"http:\/\/hellu-cottage.com\/?page_id=2"},"modified":"2025-09-19T13:57:32","modified_gmt":"2025-09-19T11:57:32","slug":"a-propos","status":"publish","type":"page","link":"https:\/\/hellu-cottage.com\/index.php\/a-propos\/","title":{"rendered":"\u00c0 propos"},"content":{"rendered":"\n<div class=\"wp-block-group is-nowrap is-layout-flex wp-container-core-group-is-layout-ad2f72ca wp-block-group-is-layout-flex\">\n<p class=\"has-drop-cap\">Hello, je m&rsquo;appelle C\u00e9cile Reboisson, directrice artistique dans une agence de communication digitale depuis plus de 20 ans. Forte de cette exp\u00e9rience, j\u2019ai d\u00e9cid\u00e9 de mettre ma cr\u00e9ativit\u00e9 et ma passion pour l\u2019artisanat au service d\u2019un projet qui fait sens : inviter \u00e0 la fois au repos, \u00e0 la cr\u00e9ation et \u00e0 la d\u00e9couverte d\u2019un territoire riche et authentique en louant maison sur Airbnb et en proposant des ateliers cr\u00e9atifs via cette m\u00eame plateforme (initiation poterie, aquarelle, linogravure,&#8230;).<\/p>\n<\/div>\n\n\n\n<figure class=\"wp-block-gallery has-nested-images columns-default is-cropped wp-block-gallery-1 is-layout-flex wp-block-gallery-is-layout-flex\">\n<figure class=\"wp-block-image size-large\"><img loading=\"lazy\" decoding=\"async\" width=\"1024\" height=\"1024\" data-id=\"178\" src=\"https:\/\/hellu-cottage.com\/wp-content\/uploads\/2025\/05\/logo-1024x1024.jpg\" alt=\"\" class=\"wp-image-178\" srcset=\"https:\/\/hellu-cottage.com\/wp-content\/uploads\/2025\/05\/logo-1024x1024.jpg 1024w, https:\/\/hellu-cottage.com\/wp-content\/uploads\/2025\/05\/logo-300x300.jpg 300w, https:\/\/hellu-cottage.com\/wp-content\/uploads\/2025\/05\/logo-150x150.jpg 150w, https:\/\/hellu-cottage.com\/wp-content\/uploads\/2025\/05\/logo-768x768.jpg 768w, https:\/\/hellu-cottage.com\/wp-content\/uploads\/2025\/05\/logo-550x550.jpg 550w, https:\/\/hellu-cottage.com\/wp-content\/uploads\/2025\/05\/logo-160x160.jpg 160w, https:\/\/hellu-cottage.com\/wp-content\/uploads\/2025\/05\/logo.jpg 1080w\" sizes=\"auto, (max-width: 1024px) 100vw, 1024px\" \/><\/figure>\n\n\n\n<figure class=\"wp-block-image size-large\"><img loading=\"lazy\" decoding=\"async\" width=\"683\" height=\"1024\" data-id=\"151\" src=\"https:\/\/hellu-cottage.com\/wp-content\/uploads\/2025\/05\/33b8b56f-3e40-40ce-b2f2-1395d64b9c58-683x1024.png\" alt=\"\" class=\"wp-image-151\" srcset=\"https:\/\/hellu-cottage.com\/wp-content\/uploads\/2025\/05\/33b8b56f-3e40-40ce-b2f2-1395d64b9c58-683x1024.png 683w, https:\/\/hellu-cottage.com\/wp-content\/uploads\/2025\/05\/33b8b56f-3e40-40ce-b2f2-1395d64b9c58-200x300.png 200w, https:\/\/hellu-cottage.com\/wp-content\/uploads\/2025\/05\/33b8b56f-3e40-40ce-b2f2-1395d64b9c58-768x1152.png 768w, https:\/\/hellu-cottage.com\/wp-content\/uploads\/2025\/05\/33b8b56f-3e40-40ce-b2f2-1395d64b9c58-550x825.png 550w, https:\/\/hellu-cottage.com\/wp-content\/uploads\/2025\/05\/33b8b56f-3e40-40ce-b2f2-1395d64b9c58-160x240.png 160w, https:\/\/hellu-cottage.com\/wp-content\/uploads\/2025\/05\/33b8b56f-3e40-40ce-b2f2-1395d64b9c58.png 1024w\" sizes=\"auto, (max-width: 683px) 100vw, 683px\" \/><\/figure>\n<\/figure>\n\n\n\n<hr class=\"wp-block-separator has-alpha-channel-opacity\"\/>\n\n\n\n<p>Pr\u00eat(e) \u00e0 vivre une aventure unique sous le signe de l\u2019art et de la nature ? <br><strong>Hell\u00fc Cottage &amp; N\u00fcde Studio vous attendent !<\/strong><\/p>\n\n\n\n<p>Hell\u00fc Cottage est n\u00e9 du m\u00e9lange entre Hello, qui vous dit bonjour et vous souhaite la bienvenue et de N\u00fcde Studio, mon atelier de cr\u00e9ation qui est lui-m\u00eame face \u00e0 la maison. Puis de cottage parce qu\u2019il s\u2019agit bien d\u2019une petite maison de campagne \u00e9l\u00e9gante, de style rustique en devenir.<\/p>\n\n\n\n<p>C\u2019est une petite maison qui date du XIX\u00e8me, la voici donc avec des brins de bl\u00e9 car les champs ne sont pas loin,\u2026 c&rsquo;est pour son c\u00f4t\u00e9 nature et naturel.<br>Le bl\u00e9 symbolise le don de la vie qui ne peut \u00eatre qu&rsquo;un don des dieux, la nourriture essentielle et primordiale. Pour un lieu de vie, de partage et de qui\u00e9tude en pleine campagne.<\/p>\n\n\n\n<h3 class=\"wp-block-heading\">Nous entamons la r\u00e9novation en juillet 2021<\/h3>\n\n\n\n<p>Directrice artistique dans le digital, je me revendique slow designer, cet atelier me permet de me recentrer sur la r\u00e9alit\u00e9, des gestes simples et travailler des mat\u00e9riaux bruts.<\/p>\n\n\n\n<p>N\u00fcde Studio est n\u00e9e de l\u2019envie d\u2019une cr\u00e9ation qui tend vers un retour \u00e0 la nature, aux choses simples et naturelles.<\/p>\n\n\n\n<p><\/p>\n\n\n\n<h2 class=\"wp-block-heading\">Slow life attitude<\/h2>\n\n\n\n<p>Nous vivons tous constamment dans un rythme effr\u00e9n\u00e9, avec pour r\u00e9sultat une vie stressante. Le mouvement slow invite \u00e0 ralentir dans les diff\u00e9rents domaines de la vie, de la maison \u00e0 l\u2019habillement en passant m\u00eame par le travail\u2026 soucieuse de l&rsquo;environnement et des \u00e9co-gestes, je chine actuellement tous les meubles de la maison&#8230;<\/p>\n\n\n\n<p>A bient\u00f4t<\/p>\n\n\n\n<h4 class=\"wp-block-heading\">C\u00e9cile<\/h4>\n\n\n\n<hr class=\"wp-block-separator has-alpha-channel-opacity\"\/>\n\n\n\n<h2 class=\"wp-block-heading\">About me<\/h2>\n\n\n\n<p>Hello, my name is C\u00e9cile Reboisson, and I&rsquo;ve been an artistic director at a digital communications agency for over 20 years. Drawing on this experience, I decided to put my creativity and passion for craftsmanship to good use in a meaningful project: inviting visitors to relax, create, and discover a rich and authentic region by renting a house on Airbnb and offering creative workshops via the same platform (introductory pottery, watercolor, linocutting, etc.).<\/p>\n\n\n\n<p>Ready to experience a unique adventure surrounded by art and nature?<\/p>\n\n\n\n<p><strong>Hell\u00fc Cottage &amp; N\u00fcde Studio await you!<\/strong><br>Hell\u00fc Cottage was born from the combination of Hello, which says hello and welcomes you, and N\u00fcde Studio, my creative studio, which is located across the street from the house. Then, cottage, because it&rsquo;s truly a small, elegant country house with a rustic style in the making.<\/p>\n\n\n\n<p>It&rsquo;s a small house dating from the early 19th century, so here it is with stalks of wheat because the fields are nearby\u2026 it&rsquo;s for its natural and natural feel.<br><br>Wheat symbolizes the gift of life, which can only be a gift from the gods, essential and primordial nourishment. For a place of life, sharing, and tranquility in the countryside.<\/p>\n\n\n\n<p><strong>We are starting the renovation in July 2021.<\/strong><br>As an artistic director in the digital world, I consider myself a slow designer. This studio allows me to refocus on reality, simple gestures, and working with raw materials.<br>N\u00fcde Studio was born from the desire for a creation that tends towards a return to nature, to simple and natural things.<\/p>\n\n\n\n<p><strong>Slow Life Attitude<\/strong><br>We all live at a constantly hectic pace, resulting in stressful lives. The slow life movement encourages us to slow down in various areas of life, from home to clothing, and even work. Concerned about the environment and eco-friendly actions, I&rsquo;m currently hunting for all the furniture in the house.<br><strong>See you soon<br>C\u00e9cile<\/strong><\/p>\n\n\n\n<p><\/p>\n","protected":false},"excerpt":{"rendered":"<p>Hello, je m&rsquo;appelle C\u00e9cile Reboisson, directrice artistique dans une agence de communication digitale depuis plus de 20 ans. Forte de cette exp\u00e9rience, j\u2019ai d\u00e9cid\u00e9 de mettre ma cr\u00e9ativit\u00e9 et ma passion pour l\u2019artisanat au service d\u2019un projet qui fait sens : inviter \u00e0 la fois au repos, \u00e0 la cr\u00e9ation et \u00e0 la d\u00e9couverte d\u2019un [&hellip;]<\/p>\n<a class=\"read-more-link\" href=\" https:\/\/hellu-cottage.com\/index.php\/a-propos\/ \">Lire la suite<\/a>","protected":false},"author":1,"featured_media":0,"parent":0,"menu_order":0,"comment_status":"closed","ping_status":"closed","template":"","meta":{"footnotes":""},"class_list":["post-2","page","type-page","status-publish","hentry"],"_links":{"self":[{"href":"https:\/\/hellu-cottage.com\/index.php\/wp-json\/wp\/v2\/pages\/2","targetHints":{"allow":["GET"]}}],"collection":[{"href":"https:\/\/hellu-cottage.com\/index.php\/wp-json\/wp\/v2\/pages"}],"about":[{"href":"https:\/\/hellu-cottage.com\/index.php\/wp-json\/wp\/v2\/types\/page"}],"author":[{"embeddable":true,"href":"https:\/\/hellu-cottage.com\/index.php\/wp-json\/wp\/v2\/users\/1"}],"replies":[{"embeddable":true,"href":"https:\/\/hellu-cottage.com\/index.php\/wp-json\/wp\/v2\/comments?post=2"}],"version-history":[{"count":17,"href":"https:\/\/hellu-cottage.com\/index.php\/wp-json\/wp\/v2\/pages\/2\/revisions"}],"predecessor-version":[{"id":183,"href":"https:\/\/hellu-cottage.com\/index.php\/wp-json\/wp\/v2\/pages\/2\/revisions\/183"}],"wp:attachment":[{"href":"https:\/\/hellu-cottage.com\/index.php\/wp-json\/wp\/v2\/media?parent=2"}],"curies":[{"name":"wp","href":"https:\/\/api.w.org\/{rel}","templated":true}]}}